{"id":1631,"date":"2025-04-07T11:05:03","date_gmt":"2025-04-07T11:05:03","guid":{"rendered":"https:\/\/elmasmakina.com\/?page_id=1631"},"modified":"2025-04-09T12:59:39","modified_gmt":"2025-04-09T12:59:39","slug":"bizden-haberler","status":"publish","type":"page","link":"https:\/\/elmasmakina.com\/index.php\/bizden-haberler\/","title":{"rendered":"Bizden Haberler"},"content":{"rendered":"<p><div class=\"fusion-fullwidth fullwidth-box fusion-builder-row-1 fusion-flex-container has-pattern-background has-mask-background fusion-parallax-none nonhundred-percent-fullwidth non-hundred-percent-height-scrolling lazyload fusion-animated fusion-custom-z-index\" style=\"--awb-border-radius-top-left:0px;--awb-border-radius-top-right:0px;--awb-border-radius-bottom-right:0px;--awb-border-radius-bottom-left:0px;--awb-z-index:0;--awb-padding-top:150px;--awb-padding-bottom:150px;--awb-padding-top-small:90px;--awb-padding-bottom-small:90px;--awb-margin-top:0px;--awb-background-image:linear-gradient(180deg, hsla(var(--awb-color8-h),var(--awb-color8-s),var(--awb-color8-l),calc(var(--awb-color8-a) - 40%)) 0%,hsla(var(--awb-custom_color_3-h),calc(var(--awb-custom_color_3-s) + 45%),calc(var(--awb-custom_color_3-l) - 46%),calc(var(--awb-custom_color_3-a) - 40%)) 100%);;--awb-background-size:cover;--awb-flex-wrap:wrap;--awb-animation-color:var(--awb-color8);\" data-bg=\"http:\/\/elmasmakina.com\/wp-content\/uploads\/2025\/01\/anasayfa-acilis.webp\" data-bg-gradient=\"linear-gradient(180deg, hsla(var(--awb-color8-h),var(--awb-color8-s),var(--awb-color8-l),calc(var(--awb-color8-a) - 40%)) 0%,hsla(var(--awb-custom_color_3-h),calc(var(--awb-custom_color_3-s) + 45%),calc(var(--awb-custom_color_3-l) - 46%),calc(var(--awb-custom_color_3-a) - 40%)) 100%)\" data-animationType=\"revealInLeft\" data-animationDuration=\"1.3\" data-animationOffset=\"top-into-view\" ><div class=\"fusion-builder-row fusion-row fusion-flex-align-items-flex-start fusion-flex-justify-content-center fusion-flex-content-wrap\" style=\"max-width:1526.72px;margin-left: calc(-4% \/ 2 );margin-right: calc(-4% \/ 2 );\"><div class=\"fusion-layout-column fusion_builder_column fusion-builder-column-0 fusion_builder_column_2_3 2_3 fusion-flex-column fusion-animated\" style=\"--awb-bg-size:cover;--awb-width-large:66.666666666667%;--awb-margin-top-large:0px;--awb-spacing-right-large:2.88%;--awb-margin-bottom-large:0px;--awb-spacing-left-large:2.88%;--awb-width-medium:100%;--awb-order-medium:0;--awb-spacing-right-medium:1.92%;--awb-spacing-left-medium:1.92%;--awb-width-small:100%;--awb-order-small:0;--awb-spacing-right-small:1.92%;--awb-spacing-left-small:1.92%;\" data-animationType=\"fadeInUp\" data-animationDuration=\"0.3\" data-animationOffset=\"top-into-view\"><div class=\"fusion-column-wrapper fusion-column-has-shadow fusion-flex-justify-content-flex-start fusion-content-layout-column\"><div class=\"fusion-title title fusion-title-1 fusion-sep-none fusion-title-center fusion-title-text fusion-title-size-one\" style=\"--awb-text-color:var(--awb-color1);--awb-margin-top:0px;--awb-margin-right:5%;--awb-margin-bottom:20px;--awb-margin-left:5%;\"><h1 class=\"fusion-title-heading title-heading-center\" style=\"margin:0;\">Bizden Haberler<\/h1><\/div><div class=\"fusion-text fusion-text-1 fusion-text-no-margin\" style=\"--awb-content-alignment:center;--awb-text-color:var(--awb-color1);--awb-margin-right:20%;--awb-margin-left:20%;\"><p>\u00c7ok Yak\u0131nda Buraday\u0131z&nbsp;<\/p>\n<p>Bizi Takipte Kal\u0131n<\/p>\n<\/div><\/div><\/div><\/div><\/div><div class=\"fusion-fullwidth fullwidth-box fusion-builder-row-2 fusion-flex-container has-pattern-background has-mask-background hundred-percent-fullwidth non-hundred-percent-height-scrolling\" style=\"--awb-border-radius-top-left:0px;--awb-border-radius-top-right:0px;--awb-border-radius-bottom-right:0px;--awb-border-radius-bottom-left:0px;--awb-padding-top:35px;--awb-padding-bottom:30px;--awb-padding-top-small:60px;--awb-padding-bottom-small:60px;--awb-background-color:var(--awb-color1);--awb-flex-wrap:wrap;\" ><div class=\"fusion-builder-row fusion-row fusion-flex-align-items-stretch fusion-flex-content-wrap\" style=\"width:104% !important;max-width:104% !important;margin-left: calc(-4% \/ 2 );margin-right: calc(-4% \/ 2 );\"><div class=\"fusion-layout-column fusion_builder_column fusion-builder-column-1 fusion_builder_column_1_1 1_1 fusion-flex-column\" style=\"--awb-bg-size:cover;--awb-width-large:100%;--awb-margin-top-large:0px;--awb-spacing-right-large:1.92%;--awb-margin-bottom-large:0px;--awb-spacing-left-large:1.92%;--awb-width-medium:100%;--awb-order-medium:0;--awb-spacing-right-medium:1.92%;--awb-spacing-left-medium:1.92%;--awb-width-small:100%;--awb-order-small:0;--awb-spacing-right-small:1.92%;--awb-spacing-left-small:1.92%;\"><div class=\"fusion-column-wrapper fusion-column-has-shadow fusion-flex-justify-content-flex-start fusion-content-layout-column\"><div style=\"--awb-alignment:center;--awb-popover-heading-background-color:#efefef;--awb-popover-content-background-color:#ffffff;--awb-popover-text-color:#4b4b4b;--awb-popover-border-color:#ffffff;\" class=\"awb-image-hotspots awb-image-hotspots-1\"><div class=\"awb-image-hotspots-wrapper\"><img decoding=\"async\" src=\"https:\/\/elmasmakina.com\/wp-content\/uploads\/2025\/02\/blog-4.webp\" data-orig-src=\"http:\/\/elmasmakina.com\/wp-content\/uploads\/2025\/02\/blog-4.webp\" alt=\"blog 4\" width=\"1224\" height=\"774\" title=\"blog 4\" class=\"lazyload awb-image-hotspots-image wp-image-1422\" srcset=\"data:image\/svg+xml,%3Csvg%20xmlns%3D%27http%3A%2F%2Fwww.w3.org%2F2000%2Fsvg%27%20width%3D%271224%27%20height%3D%27774%27%20viewBox%3D%270%200%201224%20774%27%3E%3Crect%20width%3D%271224%27%20height%3D%27774%27%20fill-opacity%3D%220%22%2F%3E%3C%2Fsvg%3E\" data-srcset=\"https:\/\/elmasmakina.com\/wp-content\/uploads\/2025\/02\/blog-4-200x126.webp 200w, https:\/\/elmasmakina.com\/wp-content\/uploads\/2025\/02\/blog-4-300x190.webp 300w, https:\/\/elmasmakina.com\/wp-content\/uploads\/2025\/02\/blog-4-320x202.webp 320w, https:\/\/elmasmakina.com\/wp-content\/uploads\/2025\/02\/blog-4-400x253.webp 400w, https:\/\/elmasmakina.com\/wp-content\/uploads\/2025\/02\/blog-4-500x316.webp 500w, https:\/\/elmasmakina.com\/wp-content\/uploads\/2025\/02\/blog-4-600x379.webp 600w, https:\/\/elmasmakina.com\/wp-content\/uploads\/2025\/02\/blog-4-700x443.webp 700w, https:\/\/elmasmakina.com\/wp-content\/uploads\/2025\/02\/blog-4-768x486.webp 768w, https:\/\/elmasmakina.com\/wp-content\/uploads\/2025\/02\/blog-4-800x506.webp 800w, https:\/\/elmasmakina.com\/wp-content\/uploads\/2025\/02\/blog-4-1024x648.webp 1024w, https:\/\/elmasmakina.com\/wp-content\/uploads\/2025\/02\/blog-4-1200x759.webp 1200w, https:\/\/elmasmakina.com\/wp-content\/uploads\/2025\/02\/blog-4.webp 1224w\" data-sizes=\"auto\" data-orig-sizes=\"(max-width: 1224px) 100vw, 1224px\"\/><a style=\"--awb-font-size:15px;--awb-hotspot-text-color:#ffffff;--awb-hotspot-background-color:#1b1b1b;--awb-hotspot-hover-background-color:#ffffff;--awb-padding-top:14px;--awb-padding-right:20px;--awb-padding-bottom:16px;--awb-padding-left:20px;--awb-border-radius-top-left:50px;--awb-border-radius-top-right:50px;--awb-border-radius-bottom-right:50px;--awb-border-radius-bottom-left:0px;--awb-pos-x:16.5%;--awb-pos-y:16.5%;\" class=\"awb-image-hotspots-hotspot awb-image-hotspots-hotspot-1\" href=\"https:\/\/elmasmakina.com\/index.php\/kesici-takimlar-grubu\/\" title=\"T\u0131kla \u0130ncele\" target=\"_blank\"> Kesici Tak\u0131mlar<\/a><a style=\"--awb-font-size:15px;--awb-hotspot-text-color:#ffffff;--awb-hotspot-background-color:hsla(calc(342 + 212),93%,63%,100%);--awb-hotspot-hover-text-color:#1b1b1b;--awb-hotspot-hover-background-color:#ffffff;--awb-padding-top:16px;--awb-padding-right:16px;--awb-padding-bottom:14px;--awb-padding-left:16px;--awb-border-radius-top-left:50px;--awb-border-radius-top-right:50px;--awb-border-radius-bottom-right:50px;--awb-border-radius-bottom-left:0px;--awb-pos-x:47.5%;--awb-pos-y:24.5%;\" class=\"awb-image-hotspots-hotspot awb-image-hotspots-hotspot-2\" href=\"https:\/\/elmasmakina.com\/index.php\/bize-ulasin\/\" title=\"Bize Ula\u015f\u0131n\" target=\"_blank\"><i class=\"fa-phone-alt fas\"><\/i> Bize Ula\u015f\u0131n<\/a><a style=\"--awb-font-size:15px;--awb-hotspot-text-color:#ffffff;--awb-hotspot-background-color:#f84a7e;--awb-hotspot-hover-background-color:#ffffff;--awb-icon-distance:8px;--awb-padding-top:14px;--awb-padding-right:20px;--awb-padding-bottom:16px;--awb-padding-left:20px;--awb-border-radius-top-left:50px;--awb-border-radius-top-right:50px;--awb-border-radius-bottom-right:0px;--awb-border-radius-bottom-left:50px;--awb-pos-x:72.0%;--awb-pos-y:58.0%;\" class=\"awb-image-hotspots-hotspot awb-image-hotspots-hotspot-3\" href=\"https:\/\/elmasmakina.com\/index.php\/daire-testereler\/\" title=\"T\u0131kla \u0130ncele\" target=\"_blank\"> Daire Testereler<\/a><\/div><\/div><\/div><\/div><\/div><\/div><\/p>\n","protected":false},"excerpt":{"rendered":"","protected":false},"author":1,"featured_media":0,"parent":0,"menu_order":0,"comment_status":"closed","ping_status":"closed","template":"100-width.php","meta":{"footnotes":""},"class_list":["post-1631","page","type-page","status-publish","hentry"],"_links":{"self":[{"href":"https:\/\/elmasmakina.com\/index.php\/wp-json\/wp\/v2\/pages\/1631","targetHints":{"allow":["GET"]}}],"collection":[{"href":"https:\/\/elmasmakina.com\/index.php\/wp-json\/wp\/v2\/pages"}],"about":[{"href":"https:\/\/elmasmakina.com\/index.php\/wp-json\/wp\/v2\/types\/page"}],"author":[{"embeddable":true,"href":"https:\/\/elmasmakina.com\/index.php\/wp-json\/wp\/v2\/users\/1"}],"replies":[{"embeddable":true,"href":"https:\/\/elmasmakina.com\/index.php\/wp-json\/wp\/v2\/comments?post=1631"}],"version-history":[{"count":4,"href":"https:\/\/elmasmakina.com\/index.php\/wp-json\/wp\/v2\/pages\/1631\/revisions"}],"predecessor-version":[{"id":1690,"href":"https:\/\/elmasmakina.com\/index.php\/wp-json\/wp\/v2\/pages\/1631\/revisions\/1690"}],"wp:attachment":[{"href":"https:\/\/elmasmakina.com\/index.php\/wp-json\/wp\/v2\/media?parent=1631"}],"curies":[{"name":"wp","href":"https:\/\/api.w.org\/{rel}","templated":true}]}}