{"id":17,"date":"2023-12-08T14:48:34","date_gmt":"2023-12-08T14:48:34","guid":{"rendered":"https:\/\/elmasmakina.com\/?page_id=17"},"modified":"2025-04-09T15:29:20","modified_gmt":"2025-04-09T15:29:20","slug":"hakkimizda","status":"publish","type":"page","link":"https:\/\/elmasmakina.com\/index.php\/hakkimizda\/","title":{"rendered":"Hakk\u0131m\u0131zda"},"content":{"rendered":"<p><div class=\"fusion-fullwidth fullwidth-box fusion-builder-row-1 fusion-flex-container has-pattern-background has-mask-background fusion-parallax-none nonhundred-percent-fullwidth non-hundred-percent-height-scrolling lazyload fusion-animated fusion-custom-z-index\" style=\"--awb-border-radius-top-left:0px;--awb-border-radius-top-right:0px;--awb-border-radius-bottom-right:0px;--awb-border-radius-bottom-left:0px;--awb-z-index:0;--awb-padding-top:150px;--awb-padding-bottom:150px;--awb-padding-top-small:90px;--awb-padding-bottom-small:90px;--awb-margin-top:0px;--awb-background-image:linear-gradient(180deg, hsla(var(--awb-color8-h),var(--awb-color8-s),var(--awb-color8-l),calc(var(--awb-color8-a) - 40%)) 0%,hsla(var(--awb-custom_color_3-h),calc(var(--awb-custom_color_3-s) + 45%),calc(var(--awb-custom_color_3-l) - 46%),calc(var(--awb-custom_color_3-a) - 40%)) 100%);;--awb-background-size:cover;--awb-flex-wrap:wrap;--awb-animation-color:var(--awb-color8);\" data-bg=\"http:\/\/elmasmakina.com\/wp-content\/uploads\/2025\/01\/anasayfa-acilis.webp\" data-bg-gradient=\"linear-gradient(180deg, hsla(var(--awb-color8-h),var(--awb-color8-s),var(--awb-color8-l),calc(var(--awb-color8-a) - 40%)) 0%,hsla(var(--awb-custom_color_3-h),calc(var(--awb-custom_color_3-s) + 45%),calc(var(--awb-custom_color_3-l) - 46%),calc(var(--awb-custom_color_3-a) - 40%)) 100%)\" data-animationType=\"revealInLeft\" data-animationDuration=\"1.3\" data-animationOffset=\"top-into-view\" ><div class=\"fusion-builder-row fusion-row fusion-flex-align-items-flex-start fusion-flex-justify-content-center fusion-flex-content-wrap\" style=\"max-width:1526.72px;margin-left: calc(-4% \/ 2 );margin-right: calc(-4% \/ 2 );\"><div class=\"fusion-layout-column fusion_builder_column fusion-builder-column-0 fusion_builder_column_2_3 2_3 fusion-flex-column fusion-animated\" style=\"--awb-bg-size:cover;--awb-width-large:66.666666666667%;--awb-margin-top-large:0px;--awb-spacing-right-large:2.88%;--awb-margin-bottom-large:0px;--awb-spacing-left-large:2.88%;--awb-width-medium:100%;--awb-order-medium:0;--awb-spacing-right-medium:1.92%;--awb-spacing-left-medium:1.92%;--awb-width-small:100%;--awb-order-small:0;--awb-spacing-right-small:1.92%;--awb-spacing-left-small:1.92%;\" data-animationType=\"fadeInUp\" data-animationDuration=\"0.3\" data-animationOffset=\"top-into-view\"><div class=\"fusion-column-wrapper fusion-column-has-shadow fusion-flex-justify-content-flex-start fusion-content-layout-column\"><div class=\"fusion-title title fusion-title-1 fusion-sep-none fusion-title-center fusion-title-text fusion-title-size-one\" style=\"--awb-text-color:var(--awb-color1);--awb-margin-top:0px;--awb-margin-right:5%;--awb-margin-bottom:20px;--awb-margin-left:5%;--awb-margin-top-small:0px;\"><h1 class=\"fusion-title-heading title-heading-center\" style=\"margin:0;\">Hakk\u0131m\u0131zda<\/h1><\/div><div class=\"fusion-text fusion-text-1 fusion-text-no-margin\" style=\"--awb-content-alignment:center;--awb-text-color:var(--awb-color1);--awb-margin-right:20%;--awb-margin-left:20%;\"><p>Bizi Daha Yak\u0131ndan Tan\u0131y\u0131n<\/p>\n<\/div><\/div><\/div><\/div><\/div><div class=\"fusion-fullwidth fullwidth-box fusion-builder-row-2 fusion-flex-container has-pattern-background has-mask-background nonhundred-percent-fullwidth non-hundred-percent-height-scrolling\" style=\"--awb-border-radius-top-left:0px;--awb-border-radius-top-right:0px;--awb-border-radius-bottom-right:0px;--awb-border-radius-bottom-left:0px;--awb-padding-top:45px;--awb-padding-bottom:49px;--awb-margin-bottom:0px;--awb-background-color:var(--awb-color1);--awb-flex-wrap:wrap;\" ><div class=\"fusion-builder-row fusion-row fusion-flex-align-items-flex-start fusion-flex-content-wrap\" style=\"max-width:1526.72px;margin-left: calc(-4% \/ 2 );margin-right: calc(-4% \/ 2 );\"><div class=\"fusion-layout-column fusion_builder_column fusion-builder-column-1 fusion_builder_column_1_1 1_1 fusion-flex-column\" style=\"--awb-bg-size:cover;--awb-width-large:100%;--awb-margin-top-large:0px;--awb-spacing-right-large:1.92%;--awb-margin-bottom-large:20px;--awb-spacing-left-large:1.92%;--awb-width-medium:100%;--awb-order-medium:0;--awb-spacing-right-medium:1.92%;--awb-spacing-left-medium:1.92%;--awb-width-small:100%;--awb-order-small:0;--awb-spacing-right-small:1.92%;--awb-spacing-left-small:1.92%;\"><div class=\"fusion-column-wrapper fusion-column-has-shadow fusion-flex-justify-content-flex-start fusion-content-layout-column\"><div class=\"fusion-text fusion-text-2\" style=\"--awb-content-alignment:center;\"><p><b>De\u011ferli M\u00fc\u015fterilerimiz,<\/b><\/p>\n<p>1982 y\u0131l\u0131ndan bu yana kesici tak\u0131mlar sekt\u00f6r\u00fcnde faaliyet g\u00f6steren <b>Elmas Makina<\/b> olarak, kuruldu\u011fumuz ilk g\u00fcnden bu yana kalite, g\u00fcven ve yenili\u011fi temel ilke edindik. Sadece bug\u00fcn\u00fcn de\u011fil, yar\u0131n\u0131n \u00fcretim standartlar\u0131n\u0131 da hedefleyerek, teknolojiye s\u00fcrekli yat\u0131r\u0131m yapmay\u0131 s\u00fcrd\u00fcrd\u00fck.<\/p>\n<p>Bu vizyon do\u011frultusunda, <b>Ankara\u2019da ilk kez mobilya b\u0131\u00e7aklar\u0131n\u0131 bilgisayar destekli sistemlerle y\u00fcksek hassasiyetle bileyen makineleri ithal ederek sekt\u00f6rde \u00f6nemli bir yenili\u011fe imza att\u0131k. Bu \u00f6nc\u00fcl\u00fc\u011f\u00fcm\u00fcz, sadece bir ba\u015flang\u0131\u00e7t\u0131.<\/b><\/p>\n<p>Takip eden y\u0131llarda da teknolojik altyap\u0131m\u0131z\u0131 s\u00fcrekli g\u00fcncel tutarak, \u00fcretim s\u00fcre\u00e7lerimizi y\u00fcksek hassasiyetli CNC makineleri, otomasyon destekli \u00fcretim sistemleri ve bilgisayar kontroll\u00fc kalite kontrol mekanizmalar\u0131 ile g\u00fc\u00e7lendirdik. Bug\u00fcn, sadece standart \u00fcr\u00fcnlerle s\u0131n\u0131rl\u0131 kalmadan, \u00f6zel \u00fcretim taleplerine de ayn\u0131 titizlikle ve y\u00fcksek verimlilikle yan\u0131t veriyoruz.<\/p>\n<p>Yenilenen \u00fcr\u00fcn katalo\u011fumuz ve modern web sitemiz sayesinde, t\u00fcm \u00fcr\u00fcnlerimizi detayl\u0131 bir \u015fekilde inceleyebilir; ayr\u0131ca \u00f6l\u00e7\u00fcye \u00f6zel, proje bazl\u0131 ya da end\u00fcstriyel ihtiya\u00e7lara y\u00f6nelik \u00f6zel \u00fcretim \u00e7\u00f6z\u00fcmlerimizden faydalanabilirsiniz.<\/p>\n<p>Ge\u00e7mi\u015fte sekt\u00f6re y\u00f6n veren ad\u0131mlar att\u0131k, bug\u00fcn ise gelece\u011fi \u015fekillendiren \u00e7\u00f6z\u00fcmler \u00fcretiyoruz.<\/p>\n<p>\u0130lginize te\u015fekk\u00fcr eder, \u00e7al\u0131\u015fmalar\u0131n\u0131zda ba\u015far\u0131lar dileriz.<\/p>\n<p><b>Elmas Makina<\/b><\/p>\n<\/div><\/div><\/div><\/div><\/div><div class=\"fusion-fullwidth fullwidth-box fusion-builder-row-3 fusion-flex-container has-pattern-background nonhundred-percent-fullwidth non-hundred-percent-height-scrolling\" style=\"--awb-background-position:center top;--awb-border-radius-top-left:0px;--awb-border-radius-top-right:0px;--awb-border-radius-bottom-right:0px;--awb-border-radius-bottom-left:0px;--awb-padding-top:0px;--awb-padding-bottom:64px;--awb-padding-top-medium:150px;--awb-padding-bottom-medium:120px;--awb-padding-top-small:0px;--awb-background-color:var(--awb-color1);--awb-flex-wrap:wrap;\" ><div class=\"fusion-builder-row fusion-row fusion-flex-align-items-stretch fusion-flex-content-wrap\" style=\"max-width:1526.72px;margin-left: calc(-4% \/ 2 );margin-right: calc(-4% \/ 2 );\"><div class=\"fusion-layout-column fusion_builder_column fusion-builder-column-2 fusion_builder_column_1_1 1_1 fusion-flex-column fusion-flex-align-self-center fusion-animated\" style=\"--awb-bg-size:cover;--awb-width-large:100%;--awb-margin-top-large:0px;--awb-spacing-right-large:1.92%;--awb-margin-bottom-large:36px;--awb-spacing-left-large:1.92%;--awb-width-medium:100%;--awb-order-medium:0;--awb-spacing-right-medium:1.92%;--awb-spacing-left-medium:1.92%;--awb-width-small:100%;--awb-order-small:0;--awb-spacing-right-small:1.92%;--awb-spacing-left-small:1.92%;\" data-animationType=\"fadeInLeft\" data-animationDuration=\"1.3\" data-animationOffset=\"top-into-view\"><div class=\"fusion-column-wrapper fusion-column-has-shadow fusion-flex-justify-content-flex-start fusion-content-layout-column\"><div class=\"fusion-title title fusion-title-2 fusion-sep-none fusion-title-center fusion-title-text fusion-title-size-two\" style=\"--awb-text-color:var(--awb-color8);\"><h2 class=\"fusion-title-heading title-heading-center\" style=\"margin:0;\">Neden Bizi Tercih Etmelisiniz?<\/h2><\/div><div class=\"fusion-text fusion-text-3\" style=\"--awb-content-alignment:center;\"><p>Kalite, dayan\u0131kl\u0131l\u0131k ve yenilik\u00e7i \u00e7\u00f6z\u00fcmlerimizle g\u00fcvenilir ve profesyonel bir i\u015f orta\u011f\u0131y\u0131z<\/p>\n<\/div><\/div><\/div><div class=\"fusion-layout-column fusion_builder_column fusion-builder-column-3 fusion_builder_column_1_3 1_3 fusion-flex-column fusion-column-inner-bg-wrapper fusion-animated\" style=\"--awb-padding-top:3vw;--awb-padding-right:3vw;--awb-padding-bottom:3vw;--awb-padding-left:3vw;--awb-padding-top-small:40px;--awb-padding-right-small:40px;--awb-padding-bottom-small:40px;--awb-padding-left-small:40px;--awb-overflow:hidden;--awb-inner-bg-color:rgba(194,194,194,0.29);--awb-inner-bg-color-hover:var(--awb-color1);--awb-inner-bg-size:cover;--awb-border-color:var(--awb-color2);--awb-border-color-hover:hsla(var(--awb-color2-h),var(--awb-color2-s),calc(var(--awb-color2-l) - 10%),calc(var(--awb-color2-a) + 1%));--awb-border-top:1px;--awb-border-right:1px;--awb-border-bottom:1px;--awb-border-left:1px;--awb-border-style:solid;--awb-border-radius:3px 3px 33px 3px;--awb-inner-bg-border-radius:3px 3px 33px 3px;--awb-inner-bg-overflow:hidden;--awb-transform:scaleX(1) scaleY(1);--awb-transform-hover:scaleX(1.05) scaleY(1.05);--awb-width-large:33.333333333333%;--awb-margin-top-large:0px;--awb-spacing-right-large:5.76%;--awb-margin-bottom-large:0px;--awb-spacing-left-large:5.76%;--awb-width-medium:33.333333333333%;--awb-order-medium:0;--awb-spacing-right-medium:5.76%;--awb-spacing-left-medium:5.76%;--awb-width-small:100%;--awb-order-small:0;--awb-spacing-right-small:1.92%;--awb-margin-bottom-small:40px;--awb-spacing-left-small:1.92%;\" data-animationType=\"fadeInUp\" data-animationDuration=\"0.3\" data-animationDelay=\"0.3\" data-animationOffset=\"top-into-view\"><span class=\"fusion-column-inner-bg hover-type-none\"><a class=\"fusion-column-anchor\" href=\"#\"><span class=\"fusion-column-inner-bg-image\"><\/span><\/a><\/span><div class=\"fusion-column-wrapper fusion-column-has-shadow fusion-flex-justify-content-flex-start fusion-content-layout-column\"><i class=\"fb-icon-element-1 fb-icon-element fontawesome-icon fa-calendar-check fas circle-no fusion-text-flow\" style=\"--awb-iconcolor:var(--awb-custom_color_1);--awb-iconcolor-hover:var(--awb-color5);--awb-font-size:48px;--awb-margin-bottom:20px;\"><\/i><div class=\"fusion-title title fusion-title-3 fusion-sep-none fusion-title-text fusion-title-size-three\" style=\"--awb-text-color:var(--awb-color8);--awb-font-size:25px;\"><h3 class=\"fusion-title-heading title-heading-left\" style=\"margin:0;font-size:1em;line-height:1.2;\">43 y\u0131ll\u0131k deneyim<\/h3><\/div><div class=\"fusion-text fusion-text-4 fusion-text-no-margin\" style=\"--awb-text-color:var(--awb-color8);--awb-margin-right:15%;\"><p>Sekt\u00f6rde 43 y\u0131la varan tecr\u00fcbemizle, ihtiya\u00e7lar\u0131n\u0131za en uygun \u00e7\u00f6z\u00fcmleri sunuyoruz. \u00dcretimden teslimata kadar kaliteye ve g\u00fcvene \u00f6ncelik veriyoruz.<\/p>\n<\/div><\/div><\/div><div class=\"fusion-layout-column fusion_builder_column fusion-builder-column-4 fusion_builder_column_1_3 1_3 fusion-flex-column fusion-column-inner-bg-wrapper fusion-animated\" style=\"--awb-padding-top:3vw;--awb-padding-right:3vw;--awb-padding-bottom:3vw;--awb-padding-left:3vw;--awb-padding-top-small:40px;--awb-padding-right-small:40px;--awb-padding-bottom-small:40px;--awb-padding-left-small:40px;--awb-overflow:hidden;--awb-inner-bg-color:rgba(194,194,194,0.29);--awb-inner-bg-color-hover:var(--awb-color1);--awb-inner-bg-size:cover;--awb-border-color:var(--awb-color2);--awb-border-color-hover:hsla(var(--awb-color2-h),var(--awb-color2-s),calc(var(--awb-color2-l) - 10%),calc(var(--awb-color2-a) + 1%));--awb-border-top:1px;--awb-border-right:1px;--awb-border-bottom:1px;--awb-border-left:1px;--awb-border-style:solid;--awb-border-radius:3px 3px 33px 3px;--awb-inner-bg-border-radius:3px 3px 33px 3px;--awb-inner-bg-overflow:hidden;--awb-transform:scaleX(1) scaleY(1);--awb-transform-hover:scaleX(1.05) scaleY(1.05);--awb-width-large:33.333333333333%;--awb-margin-top-large:0px;--awb-spacing-right-large:5.76%;--awb-margin-bottom-large:0px;--awb-spacing-left-large:5.76%;--awb-width-medium:33.333333333333%;--awb-order-medium:0;--awb-spacing-right-medium:5.76%;--awb-spacing-left-medium:5.76%;--awb-width-small:100%;--awb-order-small:0;--awb-spacing-right-small:1.92%;--awb-margin-bottom-small:40px;--awb-spacing-left-small:1.92%;\" data-animationType=\"fadeInUp\" data-animationDuration=\"0.3\" data-animationDelay=\"0.3\" data-animationOffset=\"top-into-view\"><span class=\"fusion-column-inner-bg hover-type-none\"><a class=\"fusion-column-anchor\" href=\"#\"><span class=\"fusion-column-inner-bg-image\"><\/span><\/a><\/span><div class=\"fusion-column-wrapper fusion-column-has-shadow fusion-flex-justify-content-flex-start fusion-content-layout-column\"><i class=\"fb-icon-element-2 fb-icon-element fontawesome-icon fa-tools fas circle-no fusion-text-flow\" style=\"--awb-iconcolor:var(--awb-custom_color_1);--awb-iconcolor-hover:var(--awb-color5);--awb-font-size:48px;--awb-margin-bottom:20px;\"><\/i><div class=\"fusion-title title fusion-title-4 fusion-sep-none fusion-title-text fusion-title-size-three\" style=\"--awb-text-color:var(--awb-color8);--awb-font-size:25px;\"><h3 class=\"fusion-title-heading title-heading-left\" style=\"margin:0;font-size:1em;line-height:1.2;\">Geni\u015f \u00dcr\u00fcn Yelpazesi<\/h3><\/div><div class=\"fusion-text fusion-text-5 fusion-text-no-margin\" style=\"--awb-text-color:var(--awb-color8);--awb-margin-right:15%;\"><p>Daire testereden z\u0131mpara makinelerine, kesici tak\u0131mlardan matkaplara kadar her t\u00fcrl\u00fc ihtiyac\u0131n\u0131za uygun \u00fcr\u00fcnleri tek \u00e7at\u0131 alt\u0131nda sunuyoruz.<\/p>\n<\/div><\/div><\/div><div class=\"fusion-layout-column fusion_builder_column fusion-builder-column-5 fusion_builder_column_1_3 1_3 fusion-flex-column fusion-column-inner-bg-wrapper fusion-animated\" style=\"--awb-padding-top:3vw;--awb-padding-right:3vw;--awb-padding-bottom:3vw;--awb-padding-left:3vw;--awb-padding-top-small:40px;--awb-padding-right-small:40px;--awb-padding-bottom-small:40px;--awb-padding-left-small:40px;--awb-overflow:hidden;--awb-inner-bg-color:rgba(194,194,194,0.29);--awb-inner-bg-color-hover:var(--awb-color1);--awb-inner-bg-size:cover;--awb-border-color:var(--awb-color2);--awb-border-color-hover:hsla(var(--awb-color2-h),var(--awb-color2-s),calc(var(--awb-color2-l) - 10%),calc(var(--awb-color2-a) + 1%));--awb-border-top:1px;--awb-border-right:1px;--awb-border-bottom:1px;--awb-border-left:1px;--awb-border-style:solid;--awb-border-radius:3px 3px 33px 3px;--awb-inner-bg-border-radius:3px 3px 33px 3px;--awb-inner-bg-overflow:hidden;--awb-transform:scaleX(1) scaleY(1);--awb-transform-hover:scaleX(1.05) scaleY(1.05);--awb-width-large:33.333333333333%;--awb-margin-top-large:0px;--awb-spacing-right-large:5.76%;--awb-margin-bottom-large:0px;--awb-spacing-left-large:5.76%;--awb-width-medium:33.333333333333%;--awb-order-medium:0;--awb-spacing-right-medium:5.76%;--awb-spacing-left-medium:5.76%;--awb-width-small:100%;--awb-order-small:0;--awb-spacing-right-small:1.92%;--awb-margin-bottom-small:40px;--awb-spacing-left-small:1.92%;\" data-animationType=\"fadeInUp\" data-animationDuration=\"0.3\" data-animationDelay=\"0.3\" data-animationOffset=\"top-into-view\"><span class=\"fusion-column-inner-bg hover-type-none\"><a class=\"fusion-column-anchor\" href=\"#\"><span class=\"fusion-column-inner-bg-image\"><\/span><\/a><\/span><div class=\"fusion-column-wrapper fusion-column-has-shadow fusion-flex-justify-content-flex-start fusion-content-layout-column\"><i class=\"fb-icon-element-3 fb-icon-element fontawesome-icon fa-gem fas circle-no fusion-text-flow\" style=\"--awb-iconcolor:var(--awb-custom_color_1);--awb-iconcolor-hover:var(--awb-color5);--awb-font-size:48px;--awb-margin-bottom:20px;\"><\/i><div class=\"fusion-title title fusion-title-5 fusion-sep-none fusion-title-text fusion-title-size-three\" style=\"--awb-text-color:var(--awb-color8);--awb-font-size:25px;\"><h3 class=\"fusion-title-heading title-heading-left\" style=\"margin:0;font-size:1em;line-height:1.2;\">Kalite ve g\u00fcvenirlik <\/h3><\/div><div class=\"fusion-text fusion-text-6 fusion-text-no-margin\" style=\"--awb-text-color:var(--awb-color8);--awb-margin-right:15%;\"><p>\u00dcr\u00fcnlerimiz y\u00fcksek dayan\u0131kl\u0131l\u0131k, hassasiyet ve performans sunar. M\u00fc\u015fteri memnuniyetini her zaman \u00f6n planda tutarak g\u00fcvenilir bir i\u015f orta\u011f\u0131 oluyoruz<\/p>\n<\/div><\/div><\/div><div class=\"fusion-layout-column fusion_builder_column fusion-builder-column-6 fusion_builder_column_1_1 1_1 fusion-flex-column fusion-flex-align-self-center fusion-animated\" style=\"--awb-padding-top:50px;--awb-padding-top-small:20px;--awb-bg-size:cover;--awb-width-large:100%;--awb-margin-top-large:0px;--awb-spacing-right-large:1.92%;--awb-margin-bottom-large:0px;--awb-spacing-left-large:1.92%;--awb-width-medium:100%;--awb-order-medium:0;--awb-spacing-right-medium:1.92%;--awb-spacing-left-medium:1.92%;--awb-width-small:100%;--awb-order-small:0;--awb-spacing-right-small:1.92%;--awb-spacing-left-small:1.92%;\" data-animationType=\"fadeInLeft\" data-animationDuration=\"1.3\" data-animationOffset=\"top-into-view\"><div class=\"fusion-column-wrapper fusion-column-has-shadow fusion-flex-justify-content-flex-start fusion-content-layout-column\"><div style=\"text-align:center;\"><a class=\"fusion-button button-flat fusion-button-default-size button-custom fusion-button-default button-1 fusion-button-default-span fusion-button-default-type fusion-has-button-gradient\" style=\"--button_accent_color:var(--awb-color1);--button_accent_hover_color:var(--awb-color1);--button_border_hover_color:var(--awb-color1);--button_gradient_top_color:var(--awb-color8);--button_gradient_bottom_color:var(--awb-color8);--button_gradient_top_color_hover:var(--awb-custom_color_1);--button_gradient_bottom_color_hover:#800020;\" target=\"_self\" data-hover=\"bg_slide_right\" href=\"https:\/\/elmasmakina.com\/index.php\/bize-ulasin\/\"><span class=\"fusion-button-text\">Bize Ula\u015f\u0131n<\/span><\/a><\/div><\/div><\/div><\/div><\/div><\/p>\n","protected":false},"excerpt":{"rendered":"","protected":false},"author":1,"featured_media":0,"parent":0,"menu_order":0,"comment_status":"closed","ping_status":"closed","template":"100-width.php","meta":{"footnotes":""},"class_list":["post-17","page","type-page","status-publish","hentry"],"_links":{"self":[{"href":"https:\/\/elmasmakina.com\/index.php\/wp-json\/wp\/v2\/pages\/17","targetHints":{"allow":["GET"]}}],"collection":[{"href":"https:\/\/elmasmakina.com\/index.php\/wp-json\/wp\/v2\/pages"}],"about":[{"href":"https:\/\/elmasmakina.com\/index.php\/wp-json\/wp\/v2\/types\/page"}],"author":[{"embeddable":true,"href":"https:\/\/elmasmakina.com\/index.php\/wp-json\/wp\/v2\/users\/1"}],"replies":[{"embeddable":true,"href":"https:\/\/elmasmakina.com\/index.php\/wp-json\/wp\/v2\/comments?post=17"}],"version-history":[{"count":2,"href":"https:\/\/elmasmakina.com\/index.php\/wp-json\/wp\/v2\/pages\/17\/revisions"}],"predecessor-version":[{"id":1703,"href":"https:\/\/elmasmakina.com\/index.php\/wp-json\/wp\/v2\/pages\/17\/revisions\/1703"}],"wp:attachment":[{"href":"https:\/\/elmasmakina.com\/index.php\/wp-json\/wp\/v2\/media?parent=17"}],"curies":[{"name":"wp","href":"https:\/\/api.w.org\/{rel}","templated":true}]}}